{"id":415,"date":"2018-11-23T10:56:25","date_gmt":"2018-11-23T16:56:25","guid":{"rendered":"https:\/\/www.lra.mx\/?page_id=415"},"modified":"2020-07-02T11:27:35","modified_gmt":"2020-07-02T16:27:35","slug":"capacitacion","status":"publish","type":"page","link":"https:\/\/www.lra.mx\/en\/capacitacion\/","title":{"rendered":"Training"},"content":{"rendered":"<p>As part of our service, we offer training to various entities and all those involved in the sports industry, providing courses, seminars, and diplomas in Sports Law and Management. We also offer training to ensure that our clients can operate any type of sports entity.<\/p>\n\n\n\n<p>We have trained leaders of football clubs, presidents of sports federations, athletes, intermediaries, journalists, sponsors, and, in general, all members of the sports industry, with the sole purpose of helping them enhance their activities and achieve better benefits, both sports-related and administrative and economic, that lead to maximizing the development of their management.<\/p>\n\n\n\n<p>Our activities in Mexico have taken place at various universities, such as the Universidad Panamericana, Universidad An\u00e1huac, Escuela Libre de Derecho, and Universidad Nacional Aut\u00f3noma de M\u00e9xico, where we have taught various courses related to Sports Law. Additionally, in partnership with the Johan Cruyff Institute, we have been offering the International Master's in Football Management and Business for over ten years.<\/p>\n\n\n\n<p>Abroad, we have provided training in Ecuador, Peru, Argentina, Chile, and most recently in Paraguay, where we conducted the Diploma in Sports Federation Management through the National Sports Secretariat.<\/p>\n\n\n\n<p>We are at your service for any training needs. Without a doubt, in today's world, the key to the development of sports activity is preparation, as it helps ensure that management is carried out in the best possible way while obtaining the greatest benefits.<\/p>","protected":false},"excerpt":{"rendered":"<p>Dentro de nuestro servicio, ofrecemos la capacitaci\u00f3n a las diversas entidades y todos los involucrados en la industria deportiva, impartiendo cursos, seminarios y diplomados en Derecho y Gesti\u00f3n Deportiva. Igualmente, ofrecemos capacitaci\u00f3n con la finalidad&#8230;<\/p>","protected":false},"author":1,"featured_media":622,"parent":0,"menu_order":0,"comment_status":"closed","ping_status":"closed","template":"","meta":{"footnotes":""},"_links":{"self":[{"href":"https:\/\/www.lra.mx\/en\/wp-json\/wp\/v2\/pages\/415"}],"collection":[{"href":"https:\/\/www.lra.mx\/en\/wp-json\/wp\/v2\/pages"}],"about":[{"href":"https:\/\/www.lra.mx\/en\/wp-json\/wp\/v2\/types\/page"}],"author":[{"embeddable":true,"href":"https:\/\/www.lra.mx\/en\/wp-json\/wp\/v2\/users\/1"}],"replies":[{"embeddable":true,"href":"https:\/\/www.lra.mx\/en\/wp-json\/wp\/v2\/comments?post=415"}],"version-history":[{"count":11,"href":"https:\/\/www.lra.mx\/en\/wp-json\/wp\/v2\/pages\/415\/revisions"}],"predecessor-version":[{"id":624,"href":"https:\/\/www.lra.mx\/en\/wp-json\/wp\/v2\/pages\/415\/revisions\/624"}],"wp:featuredmedia":[{"embeddable":true,"href":"https:\/\/www.lra.mx\/en\/wp-json\/wp\/v2\/media\/622"}],"wp:attachment":[{"href":"https:\/\/www.lra.mx\/en\/wp-json\/wp\/v2\/media?parent=415"}],"curies":[{"name":"wp","href":"https:\/\/api.w.org\/{rel}","templated":true}]}}