{"id":587,"date":"2020-05-11T15:00:04","date_gmt":"2020-05-11T15:00:04","guid":{"rendered":"http:\/\/localhost:8888\/lra\/?page_id=177"},"modified":"2021-10-20T14:11:54","modified_gmt":"2021-10-20T19:11:54","slug":"aviso-de-privacidad","status":"publish","type":"page","link":"https:\/\/www.lra.mx\/en\/aviso-de-privacidad\/","title":{"rendered":"Aviso de privacidad"},"content":{"rendered":"<p>L\u00f3pez Ruiz Abogados, S.C. con domicilio en Prolongaci\u00f3n Paseo de la Reforma 627, oficina 303, Santa Fe, Paseo de las Lomas, Cuajimalpa de Morelos, C.P. 01330, Ciudad de M\u00e9xico, es responsable de recabar sus datos personales, del uso que se le d\u00e9 a los mismos y de su protecci\u00f3n.<\/p>\n\n\n\n<p>En LRA confirmamos a usted que su informaci\u00f3n personal reaucadada ser\u00e1 utilizada, exclusivamente, para prestar los servicios profesionales que contrate, realizar los tr\u00e1mites necesarios para dichos servicios, as\u00ed como para informar sobre la situaci\u00f3n y estado de los asuntos que sean llevados en su representaci\u00f3n.<\/p>\n\n\n\n<p>Es por lo anterior que, para las finalidades arriba mencionadas, es necesario obtener los siguientes datos personales: nombre, domicilio, n\u00famero(s) telef\u00f3nico(s) y correo electr\u00f3nico, inform\u00e1ndole en este momento que, en caso de que se niegue sobre el uso de sus datos personales para estas finalidades, no ser\u00e1 motivo para que le neguemos los servicios que solicite o contrate con nosotros.<\/p>\n\n\n\n<p>Usted tiene el derecho de acceder, rectificar y cancelar sus datos personales, as\u00ed como de oponerse al tratamiento de los mismos o revocar el consentimiento que para tal fin nos haya otorgado, a trav\u00e9s de los procedimientos implementados. Para conocer los procedimientos, requisitos y plazos para acceder, rectificar y cancelar sus datos, puede contactar a: Jonathan Oliva, tel: +52 55 7693 0200 y correo electr\u00f3nico: <a href=\"mailto:joliva@lra.mx\">joliva@lra.mx<\/a><\/p>\n\n\n\n<p>Igualmente, le informamos que sus datos personales pueden ser transferidos y tratados dentro y fuera del pa\u00eds, por personas distintas a este despacho. En ese sentido, su informaci\u00f3n puede ser compartida con otras sociedades o personas que presten servicios profesionales. Lo anterior, con la finalidad de complementar los servicios legales que se han contratado y para contactar a peritos relacionados con los asuntos en los que usted sea representado. Si usted no manifiesta su oposici\u00f3n para que sus datos personales sean transferidos, se entender\u00e1 que ha otorgado su consentimiento para ello.<\/p>\n\n\n\n<p>Nos reservamos el derecho a efectuar en cualquier momento modificaciones o actualizaciones al presente aviso de privacidad. Estas modificaciones estar\u00e1n disponibles en nuestra p\u00e1gina de Internet: <a href=\"http:\/\/www.lra.mx\">www.lra.mx<\/a><\/p>","protected":false},"excerpt":{"rendered":"<p>L\u00f3pez Ruiz Abogados, S.C. con domicilio en Prolongaci\u00f3n Paseo de la Reforma 627, oficina 303, Santa Fe, Paseo de las Lomas, Cuajimalpa de Morelos, C.P. 01330, Ciudad de M\u00e9xico, es responsable de recabar sus datos&#8230;<\/p>","protected":false},"author":1,"featured_media":0,"parent":0,"menu_order":0,"comment_status":"closed","ping_status":"closed","template":"","meta":{"footnotes":""},"_links":{"self":[{"href":"https:\/\/www.lra.mx\/en\/wp-json\/wp\/v2\/pages\/587"}],"collection":[{"href":"https:\/\/www.lra.mx\/en\/wp-json\/wp\/v2\/pages"}],"about":[{"href":"https:\/\/www.lra.mx\/en\/wp-json\/wp\/v2\/types\/page"}],"author":[{"embeddable":true,"href":"https:\/\/www.lra.mx\/en\/wp-json\/wp\/v2\/users\/1"}],"replies":[{"embeddable":true,"href":"https:\/\/www.lra.mx\/en\/wp-json\/wp\/v2\/comments?post=587"}],"version-history":[{"count":1,"href":"https:\/\/www.lra.mx\/en\/wp-json\/wp\/v2\/pages\/587\/revisions"}],"predecessor-version":[{"id":716,"href":"https:\/\/www.lra.mx\/en\/wp-json\/wp\/v2\/pages\/587\/revisions\/716"}],"wp:attachment":[{"href":"https:\/\/www.lra.mx\/en\/wp-json\/wp\/v2\/media?parent=587"}],"curies":[{"name":"wp","href":"https:\/\/api.w.org\/{rel}","templated":true}]}}