{"id":770,"date":"2024-10-06T23:56:12","date_gmt":"2024-10-07T04:56:12","guid":{"rendered":"https:\/\/www.lra.mx\/?page_id=770"},"modified":"2024-12-04T05:32:36","modified_gmt":"2024-12-04T11:32:36","slug":"inic","status":"publish","type":"page","link":"https:\/\/www.lra.mx\/en\/aviso-de-privacidad\/inic\/","title":{"rendered":"Lic. Juan Manuel L\u00f3pez Ruiz"},"content":{"rendered":"<div class=\"wp-block-media-text is-stacked-on-mobile\" style=\"grid-template-columns:30% auto\"><figure class=\"wp-block-media-text__media\"><img decoding=\"async\" loading=\"lazy\" width=\"480\" height=\"476\" src=\"https:\/\/www.lra.mx\/wp-content\/uploads\/2017\/01\/Foto-JMLR.png\" alt=\"\" class=\"wp-image-297 size-full\"\/><\/figure><div class=\"wp-block-media-text__content\">\n<h4 class=\"wp-block-heading\" style=\"font-size:35px\">Lic. Juan Manuel L\u00f3pez Ruiz<\/h4>\n\n\n\n<p class=\"has-black-color has-text-color\" style=\"font-size:30px\"><strong>Managing Partner<\/strong><\/p>\n\n\n\n<p><strong>Sports Law \/ Soccer Law \/ Corporate Law \/ Tax Law<\/strong><\/p>\n\n\n\n<hr class=\"wp-block-separator has-text-color has-vivid-cyan-blue-color has-alpha-channel-opacity has-vivid-cyan-blue-background-color has-background\"\/>\n\n\n\n<p style=\"font-size:14px\">Graduate of the Universidad Intercontinental de M\u00e9xico, with a specialization in Corporate Law from the Instituto Tecnol\u00f3gico Aut\u00f3nomo de M\u00e9xico and with Master's studies in Tax Law from the Universidad de las Am\u00e9ricas en Puebla.<br>He studied in the first generation of the International Master's in Football Business and Administration offered by Johan Cruyff University.<\/p>\n<\/div><\/div>\n\n\n\n<p class=\"has-text-align-left has-background\" style=\"background:linear-gradient(135deg,rgb(254,254,254) 0%,rgba(207,224,255,0.39) 100%);font-size:21px\"><br>Litigation Lawyer specializing in Sports Law. He has held positions such as Legal Vice President at football clubs in Mexico, including Am\u00e9rica, Atlante, Le\u00f3n, Irapuato, and Veracruz, in addition to being an active advisor to clubs, players, representatives, and agents in the football world.<\/p>\n\n\n\n<p class=\"has-text-align-left has-background\" style=\"background:linear-gradient(135deg,rgb(254,254,254) 0%,rgba(207,224,255,0.39) 100%);font-size:21px\">Additionally, he is an advisor to athletes in other sports, such as boxing, baseball, professional wrestling, and martial arts, among others.<\/p>\n\n\n\n<p class=\"has-text-align-left has-background\" style=\"background:linear-gradient(135deg,rgb(254,254,254) 0%,rgba(207,224,255,0.39) 100%);font-size:21px\"><br>As a litigation lawyer, he specializes in proceedings before the Court of Arbitration for Sport in Lausanne, Switzerland, the judicial bodies of the F\u00e9d\u00e9ration Internationale de Football Association (FIFA), as well as proceedings before national sports bodies: The Appeals and Arbitration Commission of Sports, and the Dispute Resolution and Mediation Commission of the Mexican Football Federation.<\/p>\n\n\n\n<p class=\"has-text-align-left has-background\" style=\"background:linear-gradient(135deg,rgb(254,254,254) 0%,rgba(207,224,255,0.39) 100%);font-size:21px\"><br>As a professor, he actively participates in the specialties offered at Johan Cruyff University, both in Mexico, Peru, and Ecuador, teaching courses in Football Club Management and International Football Law. Additionally, he is a speaker at various national and international institutions. He has lectured on Sports Law at Universidad La Salle and Escuela Libre de Derecho.<br>As part of his professional activity, he advises clubs and federations in Mexico and abroad, with notable work as an advisor in Guatemala, Paraguay, and Ecuador.<\/p>\n\n\n\n<p class=\"has-text-align-left has-background\" style=\"background:linear-gradient(135deg,rgb(254,254,254) 0%,rgba(207,224,255,0.39) 100%);font-size:21px\"><br>He was appointed by FIFA as a Match Agent, being the only Mexican to date with such a designation.<\/p>\n\n\n\n<p class=\"has-text-align-left has-background\" style=\"background:linear-gradient(135deg,rgb(254,254,254) 0%,rgba(207,224,255,0.39) 100%);font-size:21px\"><br>He is Managing Partner at LRA Legal &amp; Sports, the only firm in Mexico dedicated 100% to sports law.<\/p>","protected":false},"excerpt":{"rendered":"<p>Abogado Litigante en Materia de Derecho Deportivo. Ha ocupado cargos como vicepresidente legal en equipos de f\u00fatbol en M\u00e9xico, tales como Am\u00e9rica, Atlante, Le\u00f3n, Irapuato y Veracruz, adem\u00e1s de ser asesor activo de clubes, jugadores,&#8230;<\/p>","protected":false},"author":1,"featured_media":562,"parent":587,"menu_order":0,"comment_status":"closed","ping_status":"closed","template":"","meta":{"footnotes":""},"_links":{"self":[{"href":"https:\/\/www.lra.mx\/en\/wp-json\/wp\/v2\/pages\/770"}],"collection":[{"href":"https:\/\/www.lra.mx\/en\/wp-json\/wp\/v2\/pages"}],"about":[{"href":"https:\/\/www.lra.mx\/en\/wp-json\/wp\/v2\/types\/page"}],"author":[{"embeddable":true,"href":"https:\/\/www.lra.mx\/en\/wp-json\/wp\/v2\/users\/1"}],"replies":[{"embeddable":true,"href":"https:\/\/www.lra.mx\/en\/wp-json\/wp\/v2\/comments?post=770"}],"version-history":[{"count":37,"href":"https:\/\/www.lra.mx\/en\/wp-json\/wp\/v2\/pages\/770\/revisions"}],"predecessor-version":[{"id":1150,"href":"https:\/\/www.lra.mx\/en\/wp-json\/wp\/v2\/pages\/770\/revisions\/1150"}],"up":[{"embeddable":true,"href":"https:\/\/www.lra.mx\/en\/wp-json\/wp\/v2\/pages\/587"}],"wp:featuredmedia":[{"embeddable":true,"href":"https:\/\/www.lra.mx\/en\/wp-json\/wp\/v2\/media\/562"}],"wp:attachment":[{"href":"https:\/\/www.lra.mx\/en\/wp-json\/wp\/v2\/media?parent=770"}],"curies":[{"name":"wp","href":"https:\/\/api.w.org\/{rel}","templated":true}]}}