{"id":797,"date":"2024-10-07T15:14:39","date_gmt":"2024-10-07T20:14:39","guid":{"rendered":"https:\/\/www.lra.mx\/?page_id=797"},"modified":"2024-11-13T11:17:40","modified_gmt":"2024-11-13T17:17:40","slug":"que-hacemos","status":"publish","type":"page","link":"https:\/\/www.lra.mx\/en\/que-hacemos\/","title":{"rendered":""},"content":{"rendered":"<div class=\"wp-block-query is-layout-flow wp-block-query-is-layout-flow\"><ul class=\"wp-block-post-template is-layout-flow wp-block-post-template-is-layout-flow\"><li class=\"wp-block-post post-684 post type-post status-publish format-standard has-post-thumbnail hentry category-sin-categoria-es\">\n<h2 class=\"wp-block-post-title\">The Professional Soccer Player's Employment Contract<\/h2>\n\n<div class=\"wp-block-post-date\"><time datetime=\"2024-01-22T12:24:09-06:00\">22 January, 2024<\/time><\/div>\n\n<div class=\"wp-block-post-excerpt\"><p class=\"wp-block-post-excerpt__excerpt\">By Jonathan Oliva Garc\u00eda, Emanuel D\u00edaz Mir\u00e1bile, and Fabrizio Petz Cant\u00fa. We have recently seen how a new transfer window concludes in most leagues, where hundreds of players changed teams...<\/p><p class=\"wp-block-post-excerpt__more-text\"><a class=\"wp-block-post-excerpt__more-link\" href=\"https:\/\/www.lra.mx\/en\/el-contrato-laboral-del-futbolista-profesional\/\">Leer m\u00e1s<\/a><\/p><\/div>\n\n\n<hr class=\"wp-block-separator has-text-color has-vivid-cyan-blue-color has-alpha-channel-opacity has-vivid-cyan-blue-background-color has-background\"\/>\n\n<\/li><li class=\"wp-block-post post-672 post type-post status-publish format-standard has-post-thumbnail hentry category-sin-categoria-es\">\n<h2 class=\"wp-block-post-title\">The Participation Regulation for Training of the Mexican Football Association<\/h2>\n\n<div class=\"wp-block-post-date\"><time datetime=\"2024-01-22T12:22:28-06:00\">22 January, 2024<\/time><\/div>\n\n<div class=\"wp-block-post-excerpt\"><p class=\"wp-block-post-excerpt__excerpt\">By Juan Manuel L\u00f3pez Ruiz. Starting from this tournament, the Mexican Football Federation has begun to apply its Participation Regulation for Training, for transfers and operations taking place within the market...<\/p><p class=\"wp-block-post-excerpt__more-text\"><a class=\"wp-block-post-excerpt__more-link\" href=\"https:\/\/www.lra.mx\/en\/el-reglamento-de-participacion-por-formacion-de-la-federacion-mexicana-de-futbol\/\">Leer m\u00e1s<\/a><\/p><\/div>\n\n\n<hr class=\"wp-block-separator has-text-color has-vivid-cyan-blue-color has-alpha-channel-opacity has-vivid-cyan-blue-background-color has-background\"\/>\n\n<\/li><li class=\"wp-block-post post-482 post type-post status-publish format-standard has-post-thumbnail hentry category-sin-categoria-es\">\n<h2 class=\"wp-block-post-title\">Master Class Second Module<\/h2>\n\n<div class=\"wp-block-post-date\"><time datetime=\"2019-01-17T15:52:32-06:00\">17 January, 2019<\/time><\/div>\n\n<div class=\"wp-block-post-excerpt\"><p class=\"wp-block-post-excerpt__excerpt\">This week, the second module \"Sports Sponsorship\" began, taught by the president of the Mexican Baseball League, Lic. Javier Salinas.<\/p><p class=\"wp-block-post-excerpt__more-text\"><a class=\"wp-block-post-excerpt__more-link\" href=\"https:\/\/www.lra.mx\/en\/diplomado-segundo-modulo\/\">Leer m\u00e1s<\/a><\/p><\/div>\n\n\n<hr class=\"wp-block-separator has-text-color has-vivid-cyan-blue-color has-alpha-channel-opacity has-vivid-cyan-blue-background-color has-background\"\/>\n\n<\/li><\/ul>\n\n<nav style=\"background-color:#c7e3f94d;\" class=\"has-text-color has-luminous-vivid-orange-color has-background wp-block-query-pagination is-horizontal is-content-justification-center is-layout-flex wp-container-2 wp-block-query-pagination-is-layout-flex\" aria-label=\"Pagination\">\n\n\n<div class=\"wp-block-query-pagination-numbers\"><span aria-current=\"page\" class=\"page-numbers current\">1<\/span>\n<a class=\"page-numbers\" href=\"?query-31-page=2\">2<\/a>\n<a class=\"page-numbers\" href=\"?query-31-page=3\">3<\/a>\n<a class=\"page-numbers\" href=\"?query-31-page=4\">4<\/a><\/div>\n\n<a href=\"\/en\/wp-json\/wp\/v2\/pages\/797?query-31-page=2\" class=\"wp-block-query-pagination-next\">Next Page<span class='wp-block-query-pagination-next-arrow is-arrow-arrow' aria-hidden='true'>\u2192<\/span><\/a>\n<\/nav>\n\n<\/div>\n\n\n\n<p><\/p>","protected":false},"excerpt":{"rendered":"","protected":false},"author":1,"featured_media":1113,"parent":0,"menu_order":0,"comment_status":"closed","ping_status":"closed","template":"","meta":{"footnotes":""},"_links":{"self":[{"href":"https:\/\/www.lra.mx\/en\/wp-json\/wp\/v2\/pages\/797"}],"collection":[{"href":"https:\/\/www.lra.mx\/en\/wp-json\/wp\/v2\/pages"}],"about":[{"href":"https:\/\/www.lra.mx\/en\/wp-json\/wp\/v2\/types\/page"}],"author":[{"embeddable":true,"href":"https:\/\/www.lra.mx\/en\/wp-json\/wp\/v2\/users\/1"}],"replies":[{"embeddable":true,"href":"https:\/\/www.lra.mx\/en\/wp-json\/wp\/v2\/comments?post=797"}],"version-history":[{"count":32,"href":"https:\/\/www.lra.mx\/en\/wp-json\/wp\/v2\/pages\/797\/revisions"}],"predecessor-version":[{"id":1102,"href":"https:\/\/www.lra.mx\/en\/wp-json\/wp\/v2\/pages\/797\/revisions\/1102"}],"wp:featuredmedia":[{"embeddable":true,"href":"https:\/\/www.lra.mx\/en\/wp-json\/wp\/v2\/media\/1113"}],"wp:attachment":[{"href":"https:\/\/www.lra.mx\/en\/wp-json\/wp\/v2\/media?parent=797"}],"curies":[{"name":"wp","href":"https:\/\/api.w.org\/{rel}","templated":true}]}}