{"id":800,"date":"2024-10-07T15:16:15","date_gmt":"2024-10-07T20:16:15","guid":{"rendered":"https:\/\/www.lra.mx\/?page_id=800"},"modified":"2024-12-04T05:28:46","modified_gmt":"2024-12-04T11:28:46","slug":"quienes-somos","status":"publish","type":"page","link":"https:\/\/www.lra.mx\/en\/quienes-somos\/","title":{"rendered":"About us"},"content":{"rendered":"<h2 class=\"wp-block-heading\"><strong>We are a firm with over 20 years of experience in Sports Law.<\/strong><\/h2>\n\n\n\n<hr class=\"wp-block-separator has-text-color has-alpha-channel-opacity has-background is-style-default\" style=\"background-color:#0792e312;color:#0792e312\"\/>\n\n\n\n<div style=\"height:27px\" aria-hidden=\"true\" class=\"wp-block-spacer\"><\/div>\n\n\n\n<div class=\"wp-block-media-text is-stacked-on-mobile half-width-block has-background\" style=\"background:linear-gradient(94deg,rgb(255,255,255) 0%,rgba(0,166,255,0.09) 52%,rgba(241,245,250,0.09) 96%);grid-template-columns:33% auto\"><figure class=\"wp-block-media-text__media\"><img decoding=\"async\" loading=\"lazy\" width=\"4592\" height=\"3448\" src=\"https:\/\/www.lra.mx\/wp-content\/uploads\/2024\/10\/aaron-burden-xG8IQMqMITM-unsplash.jpg\" alt=\"\" class=\"wp-image-898 size-full\"\/><\/figure><div class=\"wp-block-media-text__content\">\n<p style=\"font-style:normal;font-weight:700\">Ofrecemos asesor\u00eda y representaci\u00f3n legal especializada en Derecho Deportivo para deportistas, clubes, agentes, ligas, federaciones y empresas de la industria, como patrocinadores o socios.<\/p>\n<\/div><\/div>\n\n\n\n<div style=\"height:12px\" aria-hidden=\"true\" class=\"wp-block-spacer\"><\/div>\n\n\n\n<hr class=\"wp-block-separator has-text-color has-vivid-cyan-blue-color has-alpha-channel-opacity has-vivid-cyan-blue-background-color has-background\"\/>\n\n\n\n<div style=\"height:20px\" aria-hidden=\"true\" class=\"wp-block-spacer\"><\/div>\n\n\n\n<div class=\"wp-block-group is-layout-constrained wp-block-group-is-layout-constrained\"><div class=\"wp-block-group__inner-container\">\n<h2 class=\"wp-block-heading\"><strong>Legal advice<\/strong><\/h2>\n\n\n\n<div class=\"wp-block-media-text is-stacked-on-mobile full-width-block has-background\" style=\"background:linear-gradient(88deg,rgb(255,255,255) 0%,rgb(255,242,228) 53%,rgba(255,255,255,0.12) 99%);grid-template-columns:37% auto\"><figure class=\"wp-block-media-text__media\"><img decoding=\"async\" loading=\"lazy\" width=\"5180\" height=\"3453\" src=\"https:\/\/www.lra.mx\/wp-content\/uploads\/2021\/02\/tingey-injury-law-firm-veNb0DDegzE-unsplash.jpg\" alt=\"\" class=\"wp-image-695 size-full\"\/><\/figure><div class=\"wp-block-media-text__content\">\n<ul class=\"spaced-list has-small-font-size\">\n<li style=\"font-size:14px\">Legal advice in the negotiation and closing process of all types of contracts for high-performance athletes, professional sports players, agents, coaching staff, and executives.<\/li>\n\n\n\n<li style=\"font-size:14px\">Legal advice for associations and sports entities in registering with the corresponding government bodies, as well as in drafting bylaws, codes of ethics, and sports regulations. We also provide guidance in disciplinary and electoral processes.<\/li>\n\n\n\n<li style=\"font-size:14px\">Drafting and negotiation of contracts between athletes and sports entities.<\/li>\n\n\n\n<li style=\"font-size:14px\">Drafting of collaboration agreements between various sports entities.<\/li>\n\n\n\n<li style=\"font-size:14px\">Drafting and negotiation of contracts for the organization of sporting events.<\/li>\n\n\n\n<li style=\"font-size:14px\">Drafting and negotiation of sponsorship contracts.<\/li>\n<\/ul>\n<\/div><\/div>\n\n\n\n<hr class=\"wp-block-separator has-text-color has-vivid-cyan-blue-color has-alpha-channel-opacity has-vivid-cyan-blue-background-color has-background\"\/>\n\n\n\n<div class=\"wp-block-media-text has-media-on-the-right is-stacked-on-mobile full-width-block has-background\" style=\"background:linear-gradient(87deg,rgb(255,255,255) 0%,rgba(255,241,227,0.72) 54%,rgba(255,255,255,0.2) 100%);grid-template-columns:auto 45%\"><div class=\"wp-block-media-text__content\">\n<h2 class=\"wp-block-heading\">Litigation<\/h2>\n\n\n\n<ul class=\"spaced-list\">\n<li style=\"font-size:14px\">Advising and providing legal representation to high-performance athletes, professional sports players, and coaches in disciplinary matters with their respective national and even international federations.<\/li>\n\n\n\n<li style=\"font-size:14px\">Advising and providing legal representation to high-performance athletes, professional sports players, coaches, sports clubs and\/or teams, leagues, sports associations, and companies involved in sports before ordinary courts.<\/li>\n\n\n\n<li style=\"font-size:14px\">Advising and providing legal representation to high-performance athletes, professional sports players, coaches, sports clubs and\/or teams, leagues, and sports associations before national and international sports tribunals, such as the Basketball Arbitration Tribunal (BAT), the Court of Arbitration for Sport (CAS), the Football Tribunal, among others.<\/li>\n<\/ul>\n<\/div><figure class=\"wp-block-media-text__media\"><img decoding=\"async\" loading=\"lazy\" width=\"990\" height=\"557\" src=\"https:\/\/www.lra.mx\/wp-content\/uploads\/2020\/05\/portada-5.jpg\" alt=\"\" class=\"wp-image-748 size-full\"\/><\/figure><\/div>\n<\/div><\/div>\n\n\n\n<div class=\"wp-block-interactive-geo-maps-display-map\"><div class=\"map_wrapper\" id=\"map_wrapper_810\">\n<div class=\"map_box\" style=\"max-width:2000px\">\n<div class=\"map_aspect_ratio\" style=\"padding-top:60%\" data-padding-top=\"60%\" data-padding-top-mobile=\"95%\">\n<div class=\"map_container\">\n<div class=\"map_render map_loading\" id=\"map_810\"><\/div>\n<\/div>\n<\/div>\n<\/div>\n<\/div><\/div>\n\n\n\n<details class=\"wp-block-details has-text-color\" style=\"color:#003e85;font-size:21px;font-style:normal;font-weight:700;text-transform:capitalize\"><summary>Countries where we operate.<\/summary>\n<div class=\"wp-block-columns is-layout-flex wp-container-5 wp-block-columns-is-layout-flex\">\n<div class=\"wp-block-column has-text-color is-layout-flow wp-block-column-is-layout-flow\" style=\"color:#0f4669\">\n<p>Mexico<\/p>\n\n\n\n<p>USA<\/p>\n\n\n\n<p>Salvador<\/p>\n\n\n\n<p>Guatemala<\/p>\n\n\n\n<p>Nicaragua<\/p>\n\n\n\n<p>Cura\u00e7ao<\/p>\n\n\n\n<p>Trinidad and Tobago<\/p>\n\n\n\n<p>St Kitts<\/p>\n<\/div>\n\n\n\n<div class=\"wp-block-column has-text-color is-layout-flow wp-block-column-is-layout-flow\" style=\"color:#0f4669\">\n<p>Honduras<\/p>\n\n\n\n<p>Ecuador<\/p>\n\n\n\n<p>Paraguay<\/p>\n\n\n\n<p>Venezuela<\/p>\n\n\n\n<p>Uruguay<\/p>\n\n\n\n<p>Panama<\/p>\n\n\n\n<p>Spain<\/p>\n\n\n\n<p>Czech Republic<\/p>\n<\/div>\n\n\n\n<div class=\"wp-block-column has-text-color is-layout-flow wp-block-column-is-layout-flow\" style=\"color:#0f4669\">\n<p>Letonia<\/p>\n\n\n\n<p>Arab Emirates<\/p>\n\n\n\n<p>India<\/p>\n\n\n\n<p>Thailand<\/p>\n\n\n\n<p>Malaysia<\/p>\n\n\n\n<p>Lebanon<\/p>\n\n\n\n<p>Cameroon<\/p>\n\n\n\n<p>Nigeria<\/p>\n<\/div>\n<\/div>\n<\/details>\n\n\n\n<hr class=\"wp-block-separator has-text-color has-vivid-cyan-blue-color has-alpha-channel-opacity has-vivid-cyan-blue-background-color has-background\"\/>\n\n\n\n<div style=\"height:59px\" aria-hidden=\"true\" class=\"wp-block-spacer\"><\/div>","protected":false},"excerpt":{"rendered":"<p>Somos una firma con m\u00e1s de 20 a\u00f1os de experiencia en Derecho Deportivo. Ofrecemos asesor\u00eda y representaci\u00f3n legal especializada en Derecho Deportivo para deportistas, clubes, agentes, ligas, federaciones y empresas de la industria, como patrocinadores&#8230;<\/p>","protected":false},"author":1,"featured_media":0,"parent":0,"menu_order":0,"comment_status":"closed","ping_status":"closed","template":"","meta":{"footnotes":""},"_links":{"self":[{"href":"https:\/\/www.lra.mx\/en\/wp-json\/wp\/v2\/pages\/800"}],"collection":[{"href":"https:\/\/www.lra.mx\/en\/wp-json\/wp\/v2\/pages"}],"about":[{"href":"https:\/\/www.lra.mx\/en\/wp-json\/wp\/v2\/types\/page"}],"author":[{"embeddable":true,"href":"https:\/\/www.lra.mx\/en\/wp-json\/wp\/v2\/users\/1"}],"replies":[{"embeddable":true,"href":"https:\/\/www.lra.mx\/en\/wp-json\/wp\/v2\/comments?post=800"}],"version-history":[{"count":75,"href":"https:\/\/www.lra.mx\/en\/wp-json\/wp\/v2\/pages\/800\/revisions"}],"predecessor-version":[{"id":1143,"href":"https:\/\/www.lra.mx\/en\/wp-json\/wp\/v2\/pages\/800\/revisions\/1143"}],"wp:attachment":[{"href":"https:\/\/www.lra.mx\/en\/wp-json\/wp\/v2\/media?parent=800"}],"curies":[{"name":"wp","href":"https:\/\/api.w.org\/{rel}","templated":true}]}}