{"id":833,"date":"2024-10-16T13:35:57","date_gmt":"2024-10-16T18:35:57","guid":{"rendered":"https:\/\/www.lra.mx\/?page_id=833"},"modified":"2024-11-14T10:32:00","modified_gmt":"2024-11-14T16:32:00","slug":"equipo-de-trabajo","status":"publish","type":"page","link":"https:\/\/www.lra.mx\/en\/equipo-de-trabajo\/","title":{"rendered":"Our Team"},"content":{"rendered":"<div class=\"wp-block-media-text is-stacked-on-mobile\" style=\"grid-template-columns:25% auto\"><figure class=\"wp-block-media-text__media\"><img decoding=\"async\" loading=\"lazy\" width=\"495\" height=\"492\" src=\"https:\/\/www.lra.mx\/wp-content\/uploads\/2017\/01\/Foto-JML.jpg\" alt=\"\" class=\"wp-image-383 size-full\"\/><\/figure><div class=\"wp-block-media-text__content\">\n<p class=\"has-text-align-left has-text-color\" style=\"color:#045eb2;font-size:33px\"><a href=\"https:\/\/www.lra.mx\/aviso-de-privacidad\/inic\/\" data-type=\"link\" data-id=\"www.lra.mx\/abogado\/lic-juan-manuel-lopez-ruiz\/\"><strong>Lic. Juan Manuel L\u00f3pez Ruiz<\/strong><br><\/a><\/p>\n\n\n\n<p class=\"has-text-color\" style=\"color:#00124a;font-size:27px\"><strong><strong><strong><strong>Managing Partner<\/strong><\/strong><\/strong><\/strong><\/p>\n<\/div><\/div>\n\n\n\n<hr class=\"wp-block-separator has-text-color has-vivid-cyan-blue-color has-alpha-channel-opacity has-vivid-cyan-blue-background-color has-background is-style-default\"\/>\n\n\n\n<div class=\"wp-block-media-text is-stacked-on-mobile\" style=\"grid-template-columns:25% auto\"><figure class=\"wp-block-media-text__media\"><img decoding=\"async\" loading=\"lazy\" width=\"4032\" height=\"3024\" src=\"https:\/\/www.lra.mx\/wp-content\/uploads\/2023\/08\/IMG_5822.jpg\" alt=\"\" class=\"wp-image-728 size-full\"\/><\/figure><div class=\"wp-block-media-text__content\">\n<p class=\"has-text-color\" style=\"color:#045eb2;font-size:30px\"><strong><a href=\"https:\/\/www.lra.mx\/equipo-de-trabajo\/lic-regina-vargas-rojo\/\" data-type=\"page\" data-id=\"1064\">Lic. Regina Vargas Rojo<\/a><\/strong><\/p>\n\n\n\n<p class=\"has-text-color\" style=\"color:#00124a;font-size:27px\"><strong>Associate<\/strong><\/p>\n<\/div><\/div>\n\n\n\n<hr class=\"wp-block-separator has-text-color has-vivid-cyan-blue-color has-alpha-channel-opacity has-vivid-cyan-blue-background-color has-background\"\/>\n\n\n\n<div class=\"wp-block-media-text is-stacked-on-mobile\" style=\"grid-template-columns:25% auto\"><figure class=\"wp-block-media-text__media\"><img decoding=\"async\" loading=\"lazy\" width=\"4032\" height=\"3024\" src=\"https:\/\/www.lra.mx\/wp-content\/uploads\/2023\/08\/IMG_5808.jpg\" alt=\"\" class=\"wp-image-727 size-full\"\/><\/figure><div class=\"wp-block-media-text__content\">\n<p class=\"has-text-color\" style=\"color:#045eb2;font-size:30px\"><strong><a href=\"https:\/\/www.lra.mx\/equipo-de-trabajo\/lic-diego-del-alizal-hernandez\/\" data-type=\"page\" data-id=\"1071\">Lic. Diego Del Alizal Hern\u00e1ndez<\/a><\/strong><\/p>\n\n\n\n<p class=\"has-text-color\" style=\"color:#00124a;font-size:26px\"><strong>Associate<\/strong><\/p>\n<\/div><\/div>\n\n\n\n<hr class=\"wp-block-separator has-text-color has-vivid-cyan-blue-color has-alpha-channel-opacity has-vivid-cyan-blue-background-color has-background\"\/>\n\n\n\n<p class=\"has-text-align-center has-text-color\" style=\"color:#045eb2;font-size:30px\"><a href=\"https:\/\/www.lra.mx\/equipo-de-trabajo\/lic-gonzalo-rios-tapia\/\" data-type=\"page\" data-id=\"1074\"><strong>Lic. Gonzalo R\u00edos Tapia<\/strong><\/a><\/p>\n\n\n\n<p class=\"has-text-align-center has-text-color\" style=\"color:#00124a;font-size:26px\"><strong>Intern<\/strong><\/p>","protected":false},"excerpt":{"rendered":"<p>Lic. Juan Manuel L\u00f3pez Ruiz Socio Director Lic. Regina Vargas Rojo Asociada Lic. Diego Del Alizal Hern\u00e1ndez Asociado Lic. Gonzalo R\u00edos Tapia Pasante<\/p>","protected":false},"author":1,"featured_media":563,"parent":0,"menu_order":0,"comment_status":"closed","ping_status":"closed","template":"","meta":{"footnotes":""},"_links":{"self":[{"href":"https:\/\/www.lra.mx\/en\/wp-json\/wp\/v2\/pages\/833"}],"collection":[{"href":"https:\/\/www.lra.mx\/en\/wp-json\/wp\/v2\/pages"}],"about":[{"href":"https:\/\/www.lra.mx\/en\/wp-json\/wp\/v2\/types\/page"}],"author":[{"embeddable":true,"href":"https:\/\/www.lra.mx\/en\/wp-json\/wp\/v2\/users\/1"}],"replies":[{"embeddable":true,"href":"https:\/\/www.lra.mx\/en\/wp-json\/wp\/v2\/comments?post=833"}],"version-history":[{"count":18,"href":"https:\/\/www.lra.mx\/en\/wp-json\/wp\/v2\/pages\/833\/revisions"}],"predecessor-version":[{"id":1129,"href":"https:\/\/www.lra.mx\/en\/wp-json\/wp\/v2\/pages\/833\/revisions\/1129"}],"wp:featuredmedia":[{"embeddable":true,"href":"https:\/\/www.lra.mx\/en\/wp-json\/wp\/v2\/media\/563"}],"wp:attachment":[{"href":"https:\/\/www.lra.mx\/en\/wp-json\/wp\/v2\/media?parent=833"}],"curies":[{"name":"wp","href":"https:\/\/api.w.org\/{rel}","templated":true}]}}